{"id":2208,"date":"2020-06-12T14:06:53","date_gmt":"2020-06-12T14:06:53","guid":{"rendered":"https:\/\/www.policylead.eu\/?page_id=2208"},"modified":"2026-04-07T09:52:02","modified_gmt":"2026-04-07T09:52:02","slug":"careers","status":"publish","type":"page","link":"https:\/\/www.policylead.eu\/en\/careers\/","title":{"rendered":"Careers"},"content":{"rendered":"<p>[et_pb_section fb_built=&#8221;1&#8243; custom_padding_last_edited=&#8221;on|tablet&#8221; _builder_version=&#8221;4.16&#8243; background_enable_color=&#8221;off&#8221; background_image=&#8221;https:\/\/www.policylead.eu\/wp-content\/uploads\/2020\/05\/Group-3149.png&#8221; max_width=&#8221;1550px&#8221; module_alignment=&#8221;center&#8221; custom_padding=&#8221;77px||180px|||&#8221; custom_padding_tablet=&#8221;70px||70px||true|false&#8221; custom_padding_phone=&#8221;&#8221; locked=&#8221;off&#8221; global_colors_info=&#8221;{}&#8221;][et_pb_row _builder_version=&#8221;4.16&#8243; positioning=&#8221;none&#8221; custom_padding=&#8221;0px||0px|||&#8221; locked=&#8221;off&#8221; global_colors_info=&#8221;{}&#8221;][et_pb_column type=&#8221;4_4&#8243; _builder_version=&#8221;4.16&#8243; positioning=&#8221;none&#8221; global_colors_info=&#8221;{}&#8221;][et_pb_text _builder_version=&#8221;4.16&#8243; text_font=&#8221;|800|||||||&#8221; text_text_color=&#8221;#122446&#8243; text_font_size=&#8221;96px&#8221; text_line_height=&#8221;105px&#8221; header_font=&#8221;|800|||||||&#8221; header_text_color=&#8221;#122446&#8243; header_font_size=&#8221;96px&#8221; header_line_height=&#8221;105px&#8221; custom_margin=&#8221;||10px||false|false&#8221; text_font_size_tablet=&#8221;60px&#8221; text_font_size_phone=&#8221;50px&#8221; text_font_size_last_edited=&#8221;on|phone&#8221; text_line_height_tablet=&#8221;65px&#8221; text_line_height_phone=&#8221;54px&#8221; text_line_height_last_edited=&#8221;on|phone&#8221; header_font_size_tablet=&#8221;60px&#8221; header_font_size_phone=&#8221;50px&#8221; header_font_size_last_edited=&#8221;on|phone&#8221; header_line_height_tablet=&#8221;65px&#8221; header_line_height_phone=&#8221;54px&#8221; header_line_height_last_edited=&#8221;on|tablet&#8221; custom_css_main_element=&#8221;hyphens: auto;&#8221; global_colors_info=&#8221;{}&#8221;]<\/p>\n<h1>Karriere<\/h1>\n<p>[\/et_pb_text][et_pb_divider color=&#8221;#6553ad&#8221; divider_weight=&#8221;8px&#8221; _builder_version=&#8221;4.27.4&#8243; width=&#8221;70px&#8221; custom_margin=&#8221;0px||0px||false|false&#8221; custom_padding=&#8221;0px||25px||false|false&#8221; animation_style=&#8221;fade&#8221; animation_delay=&#8221;500ms&#8221; hover_enabled=&#8221;0&#8243; global_colors_info=&#8221;{}&#8221; sticky_enabled=&#8221;0&#8243;][\/et_pb_divider][et_pb_text _builder_version=&#8221;4.16&#8243; text_font=&#8221;|300|||||||&#8221; text_text_color=&#8221;#122446&#8243; custom_margin=&#8221;||170px|||&#8221; custom_margin_tablet=&#8221;||30px||false|false&#8221; custom_margin_phone=&#8221;||50px||false|false&#8221; custom_margin_last_edited=&#8221;on|phone&#8221; custom_padding=&#8221;4px|||||&#8221; animation_style=&#8221;fade&#8221; animation_delay=&#8221;750ms&#8221; text_font_size_tablet=&#8221;18px&#8221; text_font_size_phone=&#8221;&#8221; text_font_size_last_edited=&#8221;on|tablet&#8221; text_line_height_tablet=&#8221;28px&#8221; text_line_height_phone=&#8221;&#8221; text_line_height_last_edited=&#8221;on|tablet&#8221; global_colors_info=&#8221;{}&#8221;]<\/p>\n<p>Nur mit einer starken Mannschaft\u00a0erreicht Policylead Gro\u00dfes:<br \/> Europas\u00a0erfolgreichste und innovativste\u00a0Plattform f\u00fcr Politikmonitoring zu\u00a0werden.<\/p>\n<p>[\/et_pb_text][et_pb_image src=&#8221;https:\/\/www.policylead.eu\/wp-content\/uploads\/2020\/05\/karriere-page.jpg&#8221; title_text=&#8221;karriere page&#8221; module_class=&#8221;bottom_first_image&#8221; _builder_version=&#8221;4.16&#8243; max_width=&#8221;500px&#8221; module_alignment=&#8221;right&#8221; animation_style=&#8221;fade&#8221; animation_delay=&#8221;1000ms&#8221; module_alignment_tablet=&#8221;left&#8221; module_alignment_phone=&#8221;left&#8221; module_alignment_last_edited=&#8221;on|phone&#8221; custom_css_main_element=&#8221;position:absolute;||bottom:0;||right:0;&#8221; global_colors_info=&#8221;{}&#8221; custom_css_main_element_last_edited=&#8221;on|tablet&#8221; custom_css_main_element_tablet=&#8221;position:relative;&#8221; custom_css_main_element_phone=&#8221;position:relative;&#8221;][\/et_pb_image][\/et_pb_column][\/et_pb_row][\/et_pb_section][et_pb_section fb_built=&#8221;1&#8243; _builder_version=&#8221;4.16&#8243; custom_padding=&#8221;0px||0px|||&#8221; locked=&#8221;off&#8221; global_colors_info=&#8221;{}&#8221;][et_pb_row custom_padding_last_edited=&#8221;on|phone&#8221; module_id=&#8221;service_breadcrumb&#8221; _builder_version=&#8221;4.16&#8243; width=&#8221;100%&#8221; module_alignment=&#8221;center&#8221; custom_padding=&#8221;30px|118px|30px|118px|false|true&#8221; custom_padding_tablet=&#8221;||||false|true&#8221; custom_padding_phone=&#8221;|30px||30px|false|true&#8221; global_colors_info=&#8221;{}&#8221;][et_pb_column type=&#8221;4_4&#8243; _builder_version=&#8221;4.16&#8243; global_colors_info=&#8221;{}&#8221;][et_pb_text _builder_version=&#8221;4.16&#8243; text_text_color=&#8221;#122238&#8243; text_font_size=&#8221;14px&#8221; global_colors_info=&#8221;{}&#8221;]<\/p>\n<p>Karriere<\/p>\n<p>[\/et_pb_text][\/et_pb_column][\/et_pb_row][\/et_pb_section][et_pb_section fb_built=&#8221;1&#8243; module_class=&#8221;buttonwidth&#8221; _builder_version=&#8221;4.16&#8243; width=&#8221;100%&#8221; module_alignment=&#8221;center&#8221; custom_padding=&#8221;30px||3px|||&#8221; custom_css_before=&#8221;content:%22Opened Positions%22;||position:absolute;||transform:rotate(-90deg);||left:-30px;||top:120px;||font-size:15px;||font-weight:bold;||text-transform:uppercase;&#8221; custom_css_after=&#8221;content:%22%22;||position:absolute;||height: 34px;||width:1px;||background:#122446;||left:42px;||top:220px;&#8221; locked=&#8221;off&#8221; global_colors_info=&#8221;{}&#8221; custom_css_before_last_edited=&#8221;on|tablet&#8221; custom_css_before_tablet=&#8221;content:%22Opened Positions%22;||position:absolute;||transform:rotate(-90deg);||left:-30px;||top:50px;||font-size:10px;||font-weight:bold;||text-transform:uppercase;&#8221; custom_css_after_last_edited=&#8221;on|tablet&#8221; custom_css_after_tablet=&#8221;content:%22%22;||position:absolute;||height: 24px;||width:1px;||background:#122446;||left:19px;||top:130px;&#8221; custom_css_before_phone=&#8221;content:%22Opened Positions%22;||position:absolute;||transform:rotate(-90deg);||left:-30px;||top:50px;||font-size:10px;||font-weight:bold;||text-transform:uppercase;&#8221; custom_css_after_phone=&#8221;content:%22%22;||position:absolute;||height: 24px;||width:1px;||background:#122446;||left:19px;||top:130px;&#8221;][et_pb_row custom_padding_last_edited=&#8221;on|phone&#8221; _builder_version=&#8221;4.16&#8243; width=&#8221;100%&#8221; module_alignment=&#8221;center&#8221; custom_margin=&#8221;0px||0px||false|false&#8221; custom_padding=&#8221;0px|118px|0px|118px|false|true&#8221; custom_padding_tablet=&#8221;&#8221; custom_padding_phone=&#8221;|30px||30px|false|true&#8221; global_colors_info=&#8221;{}&#8221;][et_pb_column type=&#8221;4_4&#8243; _builder_version=&#8221;4.16&#8243; global_colors_info=&#8221;{}&#8221;][et_pb_text _builder_version=&#8221;4.16&#8243; text_font=&#8221;|300|||||||&#8221; max_width=&#8221;770px&#8221; module_alignment=&#8221;center&#8221; custom_margin=&#8221;||110px|||&#8221; text_font_size_tablet=&#8221;18px&#8221; text_font_size_phone=&#8221;&#8221; text_font_size_last_edited=&#8221;on|tablet&#8221; text_line_height_tablet=&#8221;28px&#8221; text_line_height_phone=&#8221;&#8221; text_line_height_last_edited=&#8221;on|tablet&#8221; global_colors_info=&#8221;{}&#8221;]<\/p>\n<p>Bewirb dich jetzt auf unsere Anzeigen oder schreibe uns einfach initiativ eine Email, wenn du glaubst, dass Du uns mit deinen F\u00e4higkeiten helfen kannst, Policylead weiterzuentwickeln. Wir sind gespannt! Felder, in denen wir regelm\u00e4\u00dfig Unterst\u00fctzung brauchen:<\/p>\n<p>[\/et_pb_text][\/et_pb_column][\/et_pb_row][et_pb_row custom_padding_last_edited=&#8221;on|phone&#8221; module_class=&#8221;collapse_block&#8221; _builder_version=&#8221;4.16&#8243; width=&#8221;100%&#8221; module_alignment=&#8221;center&#8221; custom_padding=&#8221;41px|118px|41px|118px|true|true&#8221; custom_padding_tablet=&#8221;&#8221; custom_padding_phone=&#8221;|||30px|true|false&#8221; border_width_top=&#8221;1px&#8221; border_color_top=&#8221;#122446&#8243; global_colors_info=&#8221;{}&#8221;][et_pb_column type=&#8221;4_4&#8243; _builder_version=&#8221;4.16&#8243; global_colors_info=&#8221;{}&#8221;][et_pb_text module_class=&#8221;open_collapse&#8221; _builder_version=&#8221;4.16&#8243; text_font=&#8221;|800|||||||&#8221; text_text_color=&#8221;#122446&#8243; text_font_size=&#8221;34px&#8221; text_letter_spacing=&#8221;1px&#8221; text_line_height=&#8221;42px&#8221; max_width=&#8221;770px&#8221; module_alignment=&#8221;center&#8221; custom_margin=&#8221;||45px||false|false&#8221; text_font_size_tablet=&#8221;24px&#8221; text_font_size_phone=&#8221;&#8221; text_font_size_last_edited=&#8221;on|tablet&#8221; text_line_height_tablet=&#8221;30px&#8221; text_line_height_phone=&#8221;&#8221; text_line_height_last_edited=&#8221;on|tablet&#8221; global_colors_info=&#8221;{}&#8221;]<\/p>\n<p style=\"display: flex; justify-content: space-between;align-items:center;\">Monitoring Berater<br \/>\n<span style=\"display: flex; justify-content: center; align-items: center; width: 40px; height: 40px; background: #122446; color: #fff; border-radius: 50%; font-size: 18px;\"><i class=\"fas fa-plus\"><\/i><\/span><\/p>\n<p>[\/et_pb_text][et_pb_text _builder_version=&#8221;4.16&#8243; header_4_font=&#8221;|800|||||||&#8221; header_4_text_color=&#8221;#122446&#8243; header_4_font_size=&#8221;20px&#8221; header_4_line_height=&#8221;28px&#8221; max_width=&#8221;770px&#8221; module_alignment=&#8221;center&#8221; custom_margin=&#8221;||25px||false|false&#8221; custom_padding=&#8221;||0px||false|false&#8221; global_colors_info=&#8221;{}&#8221;]<\/p>\n<h4>Aufgaben<\/h4>\n<p>&nbsp;<\/p>\n<p>coming soon<\/p>\n<p>&nbsp;<\/p>\n<h4>Skills<\/h4>\n<p>&nbsp;<\/p>\n<p>Coming soon<\/p>\n<p>[\/et_pb_text][\/et_pb_column][\/et_pb_row][\/et_pb_section]<\/p>\n","protected":false},"excerpt":{"rendered":"<p>Karriere Nur mit einer starken Mannschaft\u00a0erreicht Policylead Gro\u00dfes: Europas\u00a0erfolgreichste und innovativste\u00a0Plattform f\u00fcr Politikmonitoring zu\u00a0werden.KarriereBewirb dich jetzt auf unsere Anzeigen oder schreibe uns einfach initiativ eine Email, wenn du glaubst, dass Du uns mit deinen F\u00e4higkeiten helfen kannst, Policylead weiterzuentwickeln. Wir sind gespannt! Felder, in denen wir regelm\u00e4\u00dfig Unterst\u00fctzung brauchen:Monitoring Berater Aufgaben &nbsp; coming soon &nbsp; [&hellip;]<\/p>\n","protected":false},"author":4,"featured_media":0,"parent":0,"menu_order":0,"comment_status":"closed","ping_status":"closed","template":"","meta":{"_et_pb_use_builder":"on","_et_pb_old_content":"","_et_gb_content_width":"","footnotes":""},"class_list":["post-2208","page","type-page","status-publish","hentry"],"yoast_head":"<!-- This site is optimized with the Yoast SEO plugin v24.9 - https:\/\/yoast.com\/wordpress\/plugins\/seo\/ -->\n<title>Careers - Policylead<\/title>\n<meta name=\"robots\" content=\"index, follow, max-snippet:-1, max-image-preview:large, max-video-preview:-1\" \/>\n<link rel=\"canonical\" href=\"https:\/\/www.policylead.eu\/en\/careers\/\" \/>\n<meta property=\"og:locale\" content=\"en_US\" \/>\n<meta property=\"og:type\" content=\"article\" \/>\n<meta property=\"og:title\" content=\"Careers - Policylead\" \/>\n<meta property=\"og:description\" content=\"Karriere Nur mit einer starken Mannschaft\u00a0erreicht Policylead Gro\u00dfes: Europas\u00a0erfolgreichste und innovativste\u00a0Plattform f\u00fcr Politikmonitoring zu\u00a0werden.KarriereBewirb dich jetzt auf unsere Anzeigen oder schreibe uns einfach initiativ eine Email, wenn du glaubst, dass Du uns mit deinen F\u00e4higkeiten helfen kannst, Policylead weiterzuentwickeln. Wir sind gespannt! Felder, in denen wir regelm\u00e4\u00dfig Unterst\u00fctzung brauchen:Monitoring Berater Aufgaben &nbsp; coming soon &nbsp; [&hellip;]\" \/>\n<meta property=\"og:url\" content=\"https:\/\/www.policylead.eu\/en\/careers\/\" \/>\n<meta property=\"og:site_name\" content=\"Policylead\" \/>\n<meta property=\"article:modified_time\" content=\"2026-04-07T09:52:02+00:00\" \/>\n<meta name=\"twitter:card\" content=\"summary_large_image\" \/>\n<meta name=\"twitter:label1\" content=\"Est. reading time\" \/>\n\t<meta name=\"twitter:data1\" content=\"1 minute\" \/>\n<script type=\"application\/ld+json\" class=\"yoast-schema-graph\">{\"@context\":\"https:\/\/schema.org\",\"@graph\":[{\"@type\":\"WebPage\",\"@id\":\"https:\/\/www.policylead.eu\/en\/careers\/\",\"url\":\"https:\/\/www.policylead.eu\/en\/careers\/\",\"name\":\"Careers - Policylead\",\"isPartOf\":{\"@id\":\"https:\/\/www.policylead.eu\/en\/#website\"},\"datePublished\":\"2020-06-12T14:06:53+00:00\",\"dateModified\":\"2026-04-07T09:52:02+00:00\",\"breadcrumb\":{\"@id\":\"https:\/\/www.policylead.eu\/en\/careers\/#breadcrumb\"},\"inLanguage\":\"en-US\",\"potentialAction\":[{\"@type\":\"ReadAction\",\"target\":[\"https:\/\/www.policylead.eu\/en\/careers\/\"]}]},{\"@type\":\"BreadcrumbList\",\"@id\":\"https:\/\/www.policylead.eu\/en\/careers\/#breadcrumb\",\"itemListElement\":[{\"@type\":\"ListItem\",\"position\":1,\"name\":\"Home\",\"item\":\"https:\/\/www.policylead.eu\/en\/home-en\/\"},{\"@type\":\"ListItem\",\"position\":2,\"name\":\"Careers\"}]},{\"@type\":\"WebSite\",\"@id\":\"https:\/\/www.policylead.eu\/en\/#website\",\"url\":\"https:\/\/www.policylead.eu\/en\/\",\"name\":\"Policylead\",\"description\":\"Politikmonitoring &amp; Medienbeobachtung\",\"inLanguage\":\"en-US\"}]}<\/script>\n<!-- \/ Yoast SEO plugin. -->","yoast_head_json":{"title":"Careers - Policylead","robots":{"index":"index","follow":"follow","max-snippet":"max-snippet:-1","max-image-preview":"max-image-preview:large","max-video-preview":"max-video-preview:-1"},"canonical":"https:\/\/www.policylead.eu\/en\/careers\/","og_locale":"en_US","og_type":"article","og_title":"Careers - Policylead","og_description":"Karriere Nur mit einer starken Mannschaft\u00a0erreicht Policylead Gro\u00dfes: Europas\u00a0erfolgreichste und innovativste\u00a0Plattform f\u00fcr Politikmonitoring zu\u00a0werden.KarriereBewirb dich jetzt auf unsere Anzeigen oder schreibe uns einfach initiativ eine Email, wenn du glaubst, dass Du uns mit deinen F\u00e4higkeiten helfen kannst, Policylead weiterzuentwickeln. Wir sind gespannt! Felder, in denen wir regelm\u00e4\u00dfig Unterst\u00fctzung brauchen:Monitoring Berater Aufgaben &nbsp; coming soon &nbsp; [&hellip;]","og_url":"https:\/\/www.policylead.eu\/en\/careers\/","og_site_name":"Policylead","article_modified_time":"2026-04-07T09:52:02+00:00","twitter_card":"summary_large_image","twitter_misc":{"Est. reading time":"1 minute"},"schema":{"@context":"https:\/\/schema.org","@graph":[{"@type":"WebPage","@id":"https:\/\/www.policylead.eu\/en\/careers\/","url":"https:\/\/www.policylead.eu\/en\/careers\/","name":"Careers - Policylead","isPartOf":{"@id":"https:\/\/www.policylead.eu\/en\/#website"},"datePublished":"2020-06-12T14:06:53+00:00","dateModified":"2026-04-07T09:52:02+00:00","breadcrumb":{"@id":"https:\/\/www.policylead.eu\/en\/careers\/#breadcrumb"},"inLanguage":"en-US","potentialAction":[{"@type":"ReadAction","target":["https:\/\/www.policylead.eu\/en\/careers\/"]}]},{"@type":"BreadcrumbList","@id":"https:\/\/www.policylead.eu\/en\/careers\/#breadcrumb","itemListElement":[{"@type":"ListItem","position":1,"name":"Home","item":"https:\/\/www.policylead.eu\/en\/home-en\/"},{"@type":"ListItem","position":2,"name":"Careers"}]},{"@type":"WebSite","@id":"https:\/\/www.policylead.eu\/en\/#website","url":"https:\/\/www.policylead.eu\/en\/","name":"Policylead","description":"Politikmonitoring &amp; Medienbeobachtung","inLanguage":"en-US"}]}},"_links":{"self":[{"href":"https:\/\/www.policylead.eu\/en\/wp-json\/wp\/v2\/pages\/2208","targetHints":{"allow":["GET"]}}],"collection":[{"href":"https:\/\/www.policylead.eu\/en\/wp-json\/wp\/v2\/pages"}],"about":[{"href":"https:\/\/www.policylead.eu\/en\/wp-json\/wp\/v2\/types\/page"}],"author":[{"embeddable":true,"href":"https:\/\/www.policylead.eu\/en\/wp-json\/wp\/v2\/users\/4"}],"replies":[{"embeddable":true,"href":"https:\/\/www.policylead.eu\/en\/wp-json\/wp\/v2\/comments?post=2208"}],"version-history":[{"count":5,"href":"https:\/\/www.policylead.eu\/en\/wp-json\/wp\/v2\/pages\/2208\/revisions"}],"predecessor-version":[{"id":5169,"href":"https:\/\/www.policylead.eu\/en\/wp-json\/wp\/v2\/pages\/2208\/revisions\/5169"}],"wp:attachment":[{"href":"https:\/\/www.policylead.eu\/en\/wp-json\/wp\/v2\/media?parent=2208"}],"curies":[{"name":"wp","href":"https:\/\/api.w.org\/{rel}","templated":true}]}}