{"id":2221,"date":"2020-06-12T14:10:06","date_gmt":"2020-06-12T14:10:06","guid":{"rendered":"https:\/\/www.policylead.eu\/?page_id=2221"},"modified":"2026-04-07T10:44:27","modified_gmt":"2026-04-07T10:44:27","slug":"stakeholder-analyse","status":"publish","type":"page","link":"https:\/\/www.policylead.eu\/en\/stakeholder-analyse\/","title":{"rendered":"Stakeholder-Analyse"},"content":{"rendered":"<p>[et_pb_section fb_built=&#8221;1&#8243; custom_padding_last_edited=&#8221;on|tablet&#8221; _builder_version=&#8221;4.16&#8243; background_enable_color=&#8221;off&#8221; background_image=&#8221;https:\/\/www.policylead.eu\/wp-content\/uploads\/2020\/05\/Group-3149.png&#8221; max_width=&#8221;1550px&#8221; module_alignment=&#8221;center&#8221; custom_padding=&#8221;77px||180px|||&#8221; custom_padding_tablet=&#8221;30px||180px||false|false&#8221; custom_padding_phone=&#8221;&#8221; locked=&#8221;off&#8221; global_colors_info=&#8221;{}&#8221;][et_pb_row _builder_version=&#8221;4.16&#8243; positioning=&#8221;none&#8221; custom_padding=&#8221;0px||0px|||&#8221; animation_style=&#8221;fade&#8221; animation_delay=&#8221;250ms&#8221; locked=&#8221;off&#8221; global_colors_info=&#8221;{}&#8221;][et_pb_column type=&#8221;4_4&#8243; _builder_version=&#8221;4.16&#8243; positioning=&#8221;none&#8221; global_colors_info=&#8221;{}&#8221;][et_pb_text _builder_version=&#8221;4.16&#8243; text_font=&#8221;|800|||||||&#8221; text_text_color=&#8221;#122446&#8243; text_font_size=&#8221;96px&#8221; text_line_height=&#8221;105px&#8221; header_font=&#8221;|800|||||||&#8221; header_text_color=&#8221;#122446&#8243; header_font_size=&#8221;96px&#8221; header_line_height=&#8221;105px&#8221; custom_margin=&#8221;||10px||false|false&#8221; text_font_size_tablet=&#8221;60px&#8221; text_font_size_phone=&#8221;50px&#8221; text_font_size_last_edited=&#8221;on|phone&#8221; text_line_height_tablet=&#8221;65px&#8221; text_line_height_phone=&#8221;54px&#8221; text_line_height_last_edited=&#8221;on|phone&#8221; header_font_size_tablet=&#8221;60px&#8221; header_font_size_phone=&#8221;50px&#8221; header_font_size_last_edited=&#8221;on|phone&#8221; header_line_height_tablet=&#8221;65px&#8221; header_line_height_phone=&#8221;54px&#8221; header_line_height_last_edited=&#8221;on|tablet&#8221; custom_css_main_element=&#8221;hyphens: auto;&#8221; global_colors_info=&#8221;{}&#8221;]<\/p>\n<h1>Stakeholder-Analyse<\/h1>\n<p>[\/et_pb_text][et_pb_divider color=&#8221;#6553ad&#8221; divider_weight=&#8221;8px&#8221; _builder_version=&#8221;4.27.4&#8243; width=&#8221;70px&#8221; custom_margin=&#8221;0px||0px||false|false&#8221; custom_padding=&#8221;0px||25px||false|false&#8221; animation_style=&#8221;fade&#8221; animation_delay=&#8221;500ms&#8221; hover_enabled=&#8221;0&#8243; global_colors_info=&#8221;{}&#8221; sticky_enabled=&#8221;0&#8243;][\/et_pb_divider][et_pb_text _builder_version=&#8221;4.16&#8243; text_font=&#8221;|300|||||||&#8221; text_text_color=&#8221;#122446&#8243; custom_margin=&#8221;||170px|||&#8221; custom_margin_tablet=&#8221;||70px||false|false&#8221; custom_margin_phone=&#8221;||50px||false|false&#8221; custom_margin_last_edited=&#8221;on|phone&#8221; custom_padding=&#8221;4px|||||&#8221; animation_style=&#8221;fade&#8221; animation_delay=&#8221;750ms&#8221; text_font_size_tablet=&#8221;18px&#8221; text_font_size_phone=&#8221;&#8221; text_font_size_last_edited=&#8221;on|tablet&#8221; text_line_height_tablet=&#8221;28px&#8221; text_line_height_phone=&#8221;&#8221; text_line_height_last_edited=&#8221;on|tablet&#8221; global_colors_info=&#8221;{}&#8221;]<\/p>\n<p>Akteure identifizieren, verstehen, verfolgen<\/p>\n<p>[\/et_pb_text][et_pb_image src=&#8221;https:\/\/www.policylead.eu\/wp-content\/uploads\/2020\/05\/stakeholder-homepage-product-page-1024&#215;768.jpg&#8221; title_text=&#8221;stakeholder-homepage-product page&#8221; module_class=&#8221;bottom_first_image&#8221; _builder_version=&#8221;4.16&#8243; position_origin_a_tablet=&#8221;&#8221; position_origin_a_phone=&#8221;&#8221; position_origin_a_last_edited=&#8221;on|desktop&#8221; position_origin_f_tablet=&#8221;&#8221; position_origin_f_phone=&#8221;&#8221; position_origin_f_last_edited=&#8221;on|desktop&#8221; position_origin_r_tablet=&#8221;&#8221; position_origin_r_phone=&#8221;&#8221; position_origin_r_last_edited=&#8221;on|desktop&#8221; max_width=&#8221;500px&#8221; module_alignment=&#8221;right&#8221; animation_style=&#8221;fade&#8221; animation_delay=&#8221;1000ms&#8221; positioning_tablet=&#8221;relative&#8221; positioning_phone=&#8221;&#8221; positioning_last_edited=&#8221;on|tablet&#8221; module_alignment_tablet=&#8221;left&#8221; module_alignment_phone=&#8221;left&#8221; module_alignment_last_edited=&#8221;on|phone&#8221; custom_css_main_element=&#8221;position:absolute;||bottom:0;||right:0;&#8221; global_colors_info=&#8221;{}&#8221;][\/et_pb_image][\/et_pb_column][\/et_pb_row][\/et_pb_section][et_pb_section fb_built=&#8221;1&#8243; _builder_version=&#8221;4.16&#8243; custom_padding=&#8221;0px||0px|||&#8221; global_colors_info=&#8221;{}&#8221;][et_pb_row custom_padding_last_edited=&#8221;on|tablet&#8221; module_id=&#8221;service_breadcrumb&#8221; _builder_version=&#8221;4.16&#8243; custom_padding=&#8221;30px|118px|30px|118px|false|true&#8221; custom_padding_tablet=&#8221;|0px||0px|false|true&#8221; custom_padding_phone=&#8221;&#8221; global_colors_info=&#8221;{}&#8221;][et_pb_column type=&#8221;4_4&#8243; _builder_version=&#8221;4.16&#8243; global_colors_info=&#8221;{}&#8221;][et_pb_text _builder_version=&#8221;4.16&#8243; text_text_color=&#8221;#122238&#8243; text_font_size=&#8221;14px&#8221; global_colors_info=&#8221;{}&#8221;]<\/p>\n<p>Services | Themenmonitoring<\/p>\n<p>[\/et_pb_text][\/et_pb_column][\/et_pb_row][\/et_pb_section][et_pb_section fb_built=&#8221;1&#8243; custom_padding_last_edited=&#8221;on|phone&#8221; _builder_version=&#8221;4.16&#8243; width=&#8221;100%&#8221; max_width=&#8221;1366px&#8221; module_alignment=&#8221;center&#8221; custom_padding=&#8221;|118px||118px|false|true&#8221; custom_padding_tablet=&#8221;&#8221; custom_padding_phone=&#8221;|30px||30px|false|true&#8221; global_colors_info=&#8221;{}&#8221;][et_pb_row _builder_version=&#8221;4.16&#8243; animation_style=&#8221;fade&#8221; global_colors_info=&#8221;{}&#8221;][et_pb_column type=&#8221;4_4&#8243; _builder_version=&#8221;4.16&#8243; global_colors_info=&#8221;{}&#8221;][et_pb_text _builder_version=&#8221;4.16&#8243; header_3_font=&#8221;|800|||||||&#8221; header_3_text_color=&#8221;#122446&#8243; header_3_font_size=&#8221;34px&#8221; header_3_letter_spacing=&#8221;1px&#8221; header_3_line_height=&#8221;42px&#8221; global_colors_info=&#8221;{}&#8221;]<\/p>\n<h3>Medien\u00fcbergreifendes Tracking<\/h3>\n<p>[\/et_pb_text][et_pb_text _builder_version=&#8221;4.27.4&#8243; custom_margin=&#8221;||40px||false|false&#8221; global_colors_info=&#8221;{}&#8221;]<\/p>\n<p>Verfolgen Sie Entscheider und Organisationen auf allen Kan\u00e4len. Ob die politische Arbeit im Parlament, Erw\u00e4hnungen in den Medien oder im Social Web: Sie erhalten ein vollst\u00e4ndiges Bild zu den Aktivit\u00e4ten Ihrer Stakeholder &#8211; und das rund um die Uhr.<\/p>\n<p>[\/et_pb_text][et_pb_image src=&#8221;https:\/\/www.policylead.eu\/wp-content\/uploads\/2020\/06\/policylead-stakeholders-486&#215;1024.jpg&#8221; title_text=&#8221;policylead stakeholders&#8221; _builder_version=&#8221;4.16&#8243; max_width=&#8221;300px&#8221; module_alignment=&#8221;left&#8221; global_colors_info=&#8221;{}&#8221;][\/et_pb_image][et_pb_text _builder_version=&#8221;4.16&#8243; header_3_font=&#8221;|800|||||||&#8221; header_3_text_color=&#8221;#122446&#8243; header_3_font_size=&#8221;34px&#8221; header_3_letter_spacing=&#8221;1px&#8221; header_3_line_height=&#8221;42px&#8221; global_colors_info=&#8221;{}&#8221;]<\/p>\n<h3>Ihre Vorteile<\/h3>\n<p>[\/et_pb_text][et_pb_text _builder_version=&#8221;4.16&#8243; text_font=&#8221;|300|||||||&#8221; text_text_color=&#8221;#122446&#8243; global_colors_info=&#8221;{}&#8221;]<\/p>\n<ul class=\"custom_list\">\n<li>Erweiterung des Stakeholder-Index nach Ihren individuellen Pr\u00e4ferenzen<\/li>\n<li>Thematische Verkn\u00fcpfung und Stakeholder-Updates in separaten Stakeholder-Listen<\/li>\n<li>Grafische Auswertungen zur Medienresonanz Ihrer Stakeholder (CSV- und JPG-Export).<\/li>\n<\/ul>\n<p>[\/et_pb_text][\/et_pb_column][\/et_pb_row][\/et_pb_section]<\/p>\n","protected":false},"excerpt":{"rendered":"<p>Stakeholder-Analyse Akteure identifizieren, verstehen, verfolgenServices | ThemenmonitoringMedien\u00fcbergreifendes TrackingVerfolgen Sie Entscheider und Organisationen auf allen Kan\u00e4len. Ob die politische Arbeit im Parlament, Erw\u00e4hnungen in den Medien oder im Social Web: Sie erhalten ein vollst\u00e4ndiges Bild zu den Aktivit\u00e4ten Ihrer Stakeholder &#8211; und das rund um die Uhr.Ihre Vorteile Erweiterung des Stakeholder-Index nach Ihren individuellen Pr\u00e4ferenzen Thematische [&hellip;]<\/p>\n","protected":false},"author":4,"featured_media":0,"parent":0,"menu_order":0,"comment_status":"closed","ping_status":"closed","template":"","meta":{"_et_pb_use_builder":"on","_et_pb_old_content":"","_et_gb_content_width":"","footnotes":""},"class_list":["post-2221","page","type-page","status-publish","hentry"],"yoast_head":"<!-- This site is optimized with the Yoast SEO plugin v24.9 - https:\/\/yoast.com\/wordpress\/plugins\/seo\/ -->\n<title>Stakeholder-Analyse - Policylead<\/title>\n<meta name=\"robots\" content=\"index, follow, max-snippet:-1, max-image-preview:large, max-video-preview:-1\" \/>\n<link rel=\"canonical\" href=\"https:\/\/www.policylead.eu\/en\/stakeholder-analyse\/\" \/>\n<meta property=\"og:locale\" content=\"en_US\" \/>\n<meta property=\"og:type\" content=\"article\" \/>\n<meta property=\"og:title\" content=\"Stakeholder-Analyse - Policylead\" \/>\n<meta property=\"og:description\" content=\"Stakeholder-Analyse Akteure identifizieren, verstehen, verfolgenServices | ThemenmonitoringMedien\u00fcbergreifendes TrackingVerfolgen Sie Entscheider und Organisationen auf allen Kan\u00e4len. Ob die politische Arbeit im Parlament, Erw\u00e4hnungen in den Medien oder im Social Web: Sie erhalten ein vollst\u00e4ndiges Bild zu den Aktivit\u00e4ten Ihrer Stakeholder - und das rund um die Uhr.Ihre Vorteile Erweiterung des Stakeholder-Index nach Ihren individuellen Pr\u00e4ferenzen Thematische [&hellip;]\" \/>\n<meta property=\"og:url\" content=\"https:\/\/www.policylead.eu\/en\/stakeholder-analyse\/\" \/>\n<meta property=\"og:site_name\" content=\"Policylead\" \/>\n<meta property=\"article:modified_time\" content=\"2026-04-07T10:44:27+00:00\" \/>\n<meta name=\"twitter:card\" content=\"summary_large_image\" \/>\n<meta name=\"twitter:label1\" content=\"Est. reading time\" \/>\n\t<meta name=\"twitter:data1\" content=\"1 minute\" \/>\n<script type=\"application\/ld+json\" class=\"yoast-schema-graph\">{\"@context\":\"https:\/\/schema.org\",\"@graph\":[{\"@type\":\"WebPage\",\"@id\":\"https:\/\/www.policylead.eu\/en\/stakeholder-analyse\/\",\"url\":\"https:\/\/www.policylead.eu\/en\/stakeholder-analyse\/\",\"name\":\"Stakeholder-Analyse - Policylead\",\"isPartOf\":{\"@id\":\"https:\/\/www.policylead.eu\/en\/#website\"},\"datePublished\":\"2020-06-12T14:10:06+00:00\",\"dateModified\":\"2026-04-07T10:44:27+00:00\",\"breadcrumb\":{\"@id\":\"https:\/\/www.policylead.eu\/en\/stakeholder-analyse\/#breadcrumb\"},\"inLanguage\":\"en-US\",\"potentialAction\":[{\"@type\":\"ReadAction\",\"target\":[\"https:\/\/www.policylead.eu\/en\/stakeholder-analyse\/\"]}]},{\"@type\":\"BreadcrumbList\",\"@id\":\"https:\/\/www.policylead.eu\/en\/stakeholder-analyse\/#breadcrumb\",\"itemListElement\":[{\"@type\":\"ListItem\",\"position\":1,\"name\":\"Home\",\"item\":\"https:\/\/www.policylead.eu\/en\/home-en\/\"},{\"@type\":\"ListItem\",\"position\":2,\"name\":\"Stakeholder-Analyse\"}]},{\"@type\":\"WebSite\",\"@id\":\"https:\/\/www.policylead.eu\/en\/#website\",\"url\":\"https:\/\/www.policylead.eu\/en\/\",\"name\":\"Policylead\",\"description\":\"Politikmonitoring &amp; Medienbeobachtung\",\"inLanguage\":\"en-US\"}]}<\/script>\n<!-- \/ Yoast SEO plugin. -->","yoast_head_json":{"title":"Stakeholder-Analyse - Policylead","robots":{"index":"index","follow":"follow","max-snippet":"max-snippet:-1","max-image-preview":"max-image-preview:large","max-video-preview":"max-video-preview:-1"},"canonical":"https:\/\/www.policylead.eu\/en\/stakeholder-analyse\/","og_locale":"en_US","og_type":"article","og_title":"Stakeholder-Analyse - Policylead","og_description":"Stakeholder-Analyse Akteure identifizieren, verstehen, verfolgenServices | ThemenmonitoringMedien\u00fcbergreifendes TrackingVerfolgen Sie Entscheider und Organisationen auf allen Kan\u00e4len. Ob die politische Arbeit im Parlament, Erw\u00e4hnungen in den Medien oder im Social Web: Sie erhalten ein vollst\u00e4ndiges Bild zu den Aktivit\u00e4ten Ihrer Stakeholder - und das rund um die Uhr.Ihre Vorteile Erweiterung des Stakeholder-Index nach Ihren individuellen Pr\u00e4ferenzen Thematische [&hellip;]","og_url":"https:\/\/www.policylead.eu\/en\/stakeholder-analyse\/","og_site_name":"Policylead","article_modified_time":"2026-04-07T10:44:27+00:00","twitter_card":"summary_large_image","twitter_misc":{"Est. reading time":"1 minute"},"schema":{"@context":"https:\/\/schema.org","@graph":[{"@type":"WebPage","@id":"https:\/\/www.policylead.eu\/en\/stakeholder-analyse\/","url":"https:\/\/www.policylead.eu\/en\/stakeholder-analyse\/","name":"Stakeholder-Analyse - Policylead","isPartOf":{"@id":"https:\/\/www.policylead.eu\/en\/#website"},"datePublished":"2020-06-12T14:10:06+00:00","dateModified":"2026-04-07T10:44:27+00:00","breadcrumb":{"@id":"https:\/\/www.policylead.eu\/en\/stakeholder-analyse\/#breadcrumb"},"inLanguage":"en-US","potentialAction":[{"@type":"ReadAction","target":["https:\/\/www.policylead.eu\/en\/stakeholder-analyse\/"]}]},{"@type":"BreadcrumbList","@id":"https:\/\/www.policylead.eu\/en\/stakeholder-analyse\/#breadcrumb","itemListElement":[{"@type":"ListItem","position":1,"name":"Home","item":"https:\/\/www.policylead.eu\/en\/home-en\/"},{"@type":"ListItem","position":2,"name":"Stakeholder-Analyse"}]},{"@type":"WebSite","@id":"https:\/\/www.policylead.eu\/en\/#website","url":"https:\/\/www.policylead.eu\/en\/","name":"Policylead","description":"Politikmonitoring &amp; Medienbeobachtung","inLanguage":"en-US"}]}},"_links":{"self":[{"href":"https:\/\/www.policylead.eu\/en\/wp-json\/wp\/v2\/pages\/2221","targetHints":{"allow":["GET"]}}],"collection":[{"href":"https:\/\/www.policylead.eu\/en\/wp-json\/wp\/v2\/pages"}],"about":[{"href":"https:\/\/www.policylead.eu\/en\/wp-json\/wp\/v2\/types\/page"}],"author":[{"embeddable":true,"href":"https:\/\/www.policylead.eu\/en\/wp-json\/wp\/v2\/users\/4"}],"replies":[{"embeddable":true,"href":"https:\/\/www.policylead.eu\/en\/wp-json\/wp\/v2\/comments?post=2221"}],"version-history":[{"count":6,"href":"https:\/\/www.policylead.eu\/en\/wp-json\/wp\/v2\/pages\/2221\/revisions"}],"predecessor-version":[{"id":5195,"href":"https:\/\/www.policylead.eu\/en\/wp-json\/wp\/v2\/pages\/2221\/revisions\/5195"}],"wp:attachment":[{"href":"https:\/\/www.policylead.eu\/en\/wp-json\/wp\/v2\/media?parent=2221"}],"curies":[{"name":"wp","href":"https:\/\/api.w.org\/{rel}","templated":true}]}}